{"id":374,"date":"2020-10-10T08:19:03","date_gmt":"2020-10-10T13:19:03","guid":{"rendered":"http:\/\/www.lebuvard.ca\/?page_id=374"},"modified":"2021-09-09T06:53:44","modified_gmt":"2021-09-09T11:53:44","slug":"a-propos","status":"publish","type":"page","link":"https:\/\/www.lebuvard.ca\/?page_id=374","title":{"rendered":"\u00c0 PROPOS"},"content":{"rendered":"\n<p>Le Buvard est une maison d\u2019\u00e9dition ind\u00e9pendante fond\u00e9e en 2018 et bas\u00e9e en Gironde, pr\u00e8s de Bordeaux (33).<\/p>\n\n\n\n<p><strong>La maison DIY<\/strong><\/p>\n\n\n\n<p class=\"has-text-align-left\">Le Buvard s\u2019attache \u00e0 d\u00e9fendre la litt\u00e9rature comme art populaire tant sur le fond, en tant que mode de transcription d\u2019une r\u00e9alit\u00e9 rendue concr\u00e8te par la sensibilit\u00e9 des auteurs, que sur la forme, en d\u00e9construisant les pr\u00e9con\u00e7us inh\u00e9rents aux syst\u00e8mes de production et de commercialisation classiques.<\/p>\n\n\n\n<p>L\u2019une des sp\u00e9cificit\u00e9s de la maison est alors d\u2019adopter un mode de production artisanal sur l\u2019enti\u00e8ret\u00e9 de la fabrication des livres. Les travaux d\u2019\u00e9dition, d\u2019impression, de reliure, de diffusion et de distribution sont enti\u00e8rement r\u00e9alis\u00e9s par les co\u00e9diteurs Michel V\u00e9zina et Pauline Gonzalo. Les livres publi\u00e9s aux \u00e9ditions du Buvard sont imprim\u00e9s dans leur atelier et reli\u00e9s \u00e0 la main avec du fil de lin selon la m\u00e9thode de reliure japonaise. Les volumes de tirage sont donc \u00e9valu\u00e9s en fonction du potentiel de diffusion de chacun des ouvrages pour \u00e9viter les pertes et pilonnages et non pas en fonction des co\u00fbts de production par pi\u00e8ce, qui incitent \u00e0 imprimer de gros volumes pour en r\u00e9duire le co\u00fbt mais favoriser les pertes en contrepartie, comme tel est le cas usuellement.<\/p>\n\n\n\n<p>Tir\u00e9s entre 50 et 500 exemplaires, s\u2019il arrive que les livres du Buvard soient rapidement \u00e9puis\u00e9s, ils n\u2019ont encore jamais laiss\u00e9 de surplus. En cas de n\u00e9cessit\u00e9, ils sont simplement r\u00e9imprim\u00e9s et refabriqu\u00e9s \u00e0 la demande.<\/p>\n\n\n\n<p><strong>La consignation du r\u00e9el<\/strong><\/p>\n\n\n\n<p>Dans une volont\u00e9 d\u2019ouverture sur la r\u00e9alit\u00e9 sociale qui nous entoure, l\u2019accent est mis sur la transcription de ce que les \u00e9diteurs aiment \u00e0 nommer le \u00ab&nbsp;r\u00e9el sensible&nbsp;\u00bb, consid\u00e9rant que le \u00ab&nbsp;vrai&nbsp;\u00bb ne peut exister qu\u2019au travers du prisme des sensations. Notre inscription dans un ensemble social plus vaste et d\u00e9terminant de nos actes et pens\u00e9es est assum\u00e9e comme fondement de notre lecture du monde et transcrite comme telle dans des r\u00e9cits subjectifs \u00e0 port\u00e9e g\u00e9n\u00e9raliste.<\/p>\n\n\n\n<p>Inspir\u00e9e du journalisme Gonzo et des postures de recherches employ\u00e9es en sociologie, cette approche vise \u00e0 d\u00e9peindre un portrait r\u00e9aliste du monde via le filtre sensible des auteurs, qu\u2019ils soient po\u00e8tes ou romanciers.<\/p>\n\n\n\n<p><strong>Les \u00e9diteurs<\/strong><\/p>\n\n\n\n<p><a href=\"https:\/\/fr.wikipedia.org\/wiki\/Michel_V%C3%A9zina\">Michel V\u00e9zina<\/a> int\u00e8gre le milieu litt\u00e9raire \u00e0 la fin des ann\u00e9es 1990, d\u2019abord comme auteur, avant de devenir journaliste culturel, chroniqueur litt\u00e9raire, puis fondateur et directeur litt\u00e9raire de <a href=\"https:\/\/fr.wikipedia.org\/wiki\/Coups_de_t%C3%AAte\">Coups de t\u00eate<\/a> et T\u00eate premi\u00e8re et, enfin, libraire ambulant sur les routes de France, de Belgique et du Qu\u00e9bec.<\/p>\n\n\n\n<p>Pauline Gonzalo est docteur en sociologie, dessinatrice, musicienne et r\u00e9alisatrice de clips vid\u00e9os.<\/p>\n\n\n\n<p>Depuis 2018, V\u00e9zina et Gonzalo unissent leurs comp\u00e9tences diverses pour d\u00e9velopper les trois collections des \u00e9ditions Le Buvard, tout en donnant naissance \u00e0 Whydah, leur duo po\u00e9tique et musical \u00e0 partir duquel ils mettent en sc\u00e8ne leurs propres cr\u00e9ations (spectacles litt\u00e9raires, clips vid\u00e9os, po\u00e8mes, etc.) comme celles des amis du Buvard, notamment lors des Soir\u00e9es Loop\u00e9es qu\u2019ils animent.<\/p>\n","protected":false},"excerpt":{"rendered":"<p>Le Buvard est une maison d\u2019\u00e9dition ind\u00e9pendante fond\u00e9e en 2018 et bas\u00e9e en Gironde, pr\u00e8s de Bordeaux (33). La maison DIY Le Buvard s\u2019attache \u00e0 d\u00e9fendre la litt\u00e9rature comme art populaire tant sur le fond, en tant que mode de transcription d\u2019une r\u00e9alit\u00e9 rendue concr\u00e8te par la sensibilit\u00e9 des auteurs, que sur la forme, en [&hellip;]<\/p>\n","protected":false},"author":2,"featured_media":0,"parent":0,"menu_order":0,"comment_status":"closed","ping_status":"closed","template":"","meta":{"footnotes":""},"class_list":["post-374","page","type-page","status-publish","hentry"],"_links":{"self":[{"href":"https:\/\/www.lebuvard.ca\/index.php?rest_route=\/wp\/v2\/pages\/374","targetHints":{"allow":["GET"]}}],"collection":[{"href":"https:\/\/www.lebuvard.ca\/index.php?rest_route=\/wp\/v2\/pages"}],"about":[{"href":"https:\/\/www.lebuvard.ca\/index.php?rest_route=\/wp\/v2\/types\/page"}],"author":[{"embeddable":true,"href":"https:\/\/www.lebuvard.ca\/index.php?rest_route=\/wp\/v2\/users\/2"}],"replies":[{"embeddable":true,"href":"https:\/\/www.lebuvard.ca\/index.php?rest_route=%2Fwp%2Fv2%2Fcomments&post=374"}],"version-history":[{"count":4,"href":"https:\/\/www.lebuvard.ca\/index.php?rest_route=\/wp\/v2\/pages\/374\/revisions"}],"predecessor-version":[{"id":845,"href":"https:\/\/www.lebuvard.ca\/index.php?rest_route=\/wp\/v2\/pages\/374\/revisions\/845"}],"wp:attachment":[{"href":"https:\/\/www.lebuvard.ca\/index.php?rest_route=%2Fwp%2Fv2%2Fmedia&parent=374"}],"curies":[{"name":"wp","href":"https:\/\/api.w.org\/{rel}","templated":true}]}}