{"id":1142,"date":"2024-09-03T06:46:01","date_gmt":"2024-09-03T11:46:01","guid":{"rendered":"https:\/\/www.lebuvard.ca\/?post_type=product&#038;p=1142"},"modified":"2024-09-03T06:59:44","modified_gmt":"2024-09-03T11:59:44","slug":"le-chancellor","status":"publish","type":"product","link":"https:\/\/www.lebuvard.ca\/?product=le-chancellor","title":{"rendered":"Le Chancellor"},"content":{"rendered":"<p>Un Jules Verne hors du commun, qui se d\u00e9tache ici des merveilles technologiques et explorations oniriques qui lui sont ch\u00e8res, pour plonger au c\u0153ur de l&rsquo;humain et de son animalit\u00e9 la plus profonde.<\/p>\n<p>Ce roman d&rsquo;aventures maritime, inspir\u00e9 du <em>Radeau de la M\u00e9duse<\/em>, n&rsquo;est pas \u00e0 mettre entre les mains des plus jeunes !<\/p>\n<p>&nbsp;<\/p>\n<p><strong>Jules Verne<\/strong> est sans conteste l&rsquo;un des auteurs les plus prolifiques du XIXe si\u00e8cle. Surtout connu pour son caract\u00e8re avant-gardiste et novateur, il prouve avec <em>Le Chancellor<\/em> qu&rsquo;il est capable de d\u00e9passer le merveilleux en signant une \u0153uvre magistrale \u00e0 la sensibilit\u00e9 poignante.<\/p>\n","protected":false},"excerpt":{"rendered":"<p><strong>Jules Verne<\/strong><\/p>\n<p>292 p. &#8211; Rions (33) &#8211; Premi\u00e8re \u00e9dition, 2024 (1875)<\/p>\n<p>978-2-491113-37-7<\/p>\n","protected":false},"featured_media":1143,"template":"","meta":[],"product_brand":[],"product_cat":[84],"product_tag":[],"class_list":{"0":"post-1142","1":"product","2":"type-product","3":"status-publish","4":"has-post-thumbnail","6":"product_cat-second-souffle","7":"product_shipping_class-formats-moyens","9":"first","10":"instock","11":"shipping-taxable","12":"purchasable","13":"product-type-simple"},"_links":{"self":[{"href":"https:\/\/www.lebuvard.ca\/index.php?rest_route=\/wp\/v2\/product\/1142","targetHints":{"allow":["GET"]}}],"collection":[{"href":"https:\/\/www.lebuvard.ca\/index.php?rest_route=\/wp\/v2\/product"}],"about":[{"href":"https:\/\/www.lebuvard.ca\/index.php?rest_route=\/wp\/v2\/types\/product"}],"wp:featuredmedia":[{"embeddable":true,"href":"https:\/\/www.lebuvard.ca\/index.php?rest_route=\/wp\/v2\/media\/1143"}],"wp:attachment":[{"href":"https:\/\/www.lebuvard.ca\/index.php?rest_route=%2Fwp%2Fv2%2Fmedia&parent=1142"}],"wp:term":[{"taxonomy":"product_brand","embeddable":true,"href":"https:\/\/www.lebuvard.ca\/index.php?rest_route=%2Fwp%2Fv2%2Fproduct_brand&post=1142"},{"taxonomy":"product_cat","embeddable":true,"href":"https:\/\/www.lebuvard.ca\/index.php?rest_route=%2Fwp%2Fv2%2Fproduct_cat&post=1142"},{"taxonomy":"product_tag","embeddable":true,"href":"https:\/\/www.lebuvard.ca\/index.php?rest_route=%2Fwp%2Fv2%2Fproduct_tag&post=1142"}],"curies":[{"name":"wp","href":"https:\/\/api.w.org\/{rel}","templated":true}]}}