{"id":1206,"date":"2025-06-24T10:19:54","date_gmt":"2025-06-24T15:19:54","guid":{"rendered":"https:\/\/www.lebuvard.ca\/?post_type=product&#038;p=1206"},"modified":"2025-06-24T10:27:22","modified_gmt":"2025-06-24T15:27:22","slug":"bois-froid","status":"publish","type":"product","link":"https:\/\/www.lebuvard.ca\/?product=bois-froid","title":{"rendered":"Bois froid"},"content":{"rendered":"<p>Les m\u00e2choires du monde pressent la nature et la culture sauvage l&rsquo;une contre l&rsquo;autre dans une froideur m\u00e9canique assourdissante et crasse. <em>Bois froid<\/em> est une inspiration d&rsquo;agonie dans un monde qui s&rsquo;autod\u00e9truit en se gaussant du bon sens et de son propre instinct de survie.<\/p>\n<p>On y lit des horreurs et on les trouve belles.<\/p>\n<p>On y voit des splendeurs et elles nous tirent des larmes \u00e0 coups de pelle m\u00e9canique dans le disque dur originel.<\/p>\n<p>Ana\u00ebl Castelein se bat \u00e0 mains nues contre la po\u00e9sie pour se l&rsquo;arracher du c\u0153ur et nous livre dans <em>Bois froid<\/em> les restes sanglants du combat.<\/p>\n","protected":false},"excerpt":{"rendered":"<p><strong>Ana\u00ebl Castelein<\/strong><\/p>\n<p>44 p. &#8211; Rions &#8211; Premi\u00e8re \u00e9dition, 2025<\/p>\n<p>978-2-491113-38-4<\/p>\n","protected":false},"featured_media":1207,"template":"","meta":[],"product_brand":[],"product_cat":[84],"product_tag":[],"class_list":{"0":"post-1206","1":"product","2":"type-product","3":"status-publish","4":"has-post-thumbnail","6":"product_cat-second-souffle","7":"product_shipping_class-petits-formats","9":"first","10":"instock","11":"shipping-taxable","12":"purchasable","13":"product-type-simple"},"_links":{"self":[{"href":"https:\/\/www.lebuvard.ca\/index.php?rest_route=\/wp\/v2\/product\/1206","targetHints":{"allow":["GET"]}}],"collection":[{"href":"https:\/\/www.lebuvard.ca\/index.php?rest_route=\/wp\/v2\/product"}],"about":[{"href":"https:\/\/www.lebuvard.ca\/index.php?rest_route=\/wp\/v2\/types\/product"}],"wp:featuredmedia":[{"embeddable":true,"href":"https:\/\/www.lebuvard.ca\/index.php?rest_route=\/wp\/v2\/media\/1207"}],"wp:attachment":[{"href":"https:\/\/www.lebuvard.ca\/index.php?rest_route=%2Fwp%2Fv2%2Fmedia&parent=1206"}],"wp:term":[{"taxonomy":"product_brand","embeddable":true,"href":"https:\/\/www.lebuvard.ca\/index.php?rest_route=%2Fwp%2Fv2%2Fproduct_brand&post=1206"},{"taxonomy":"product_cat","embeddable":true,"href":"https:\/\/www.lebuvard.ca\/index.php?rest_route=%2Fwp%2Fv2%2Fproduct_cat&post=1206"},{"taxonomy":"product_tag","embeddable":true,"href":"https:\/\/www.lebuvard.ca\/index.php?rest_route=%2Fwp%2Fv2%2Fproduct_tag&post=1206"}],"curies":[{"name":"wp","href":"https:\/\/api.w.org\/{rel}","templated":true}]}}