{"id":474,"date":"2020-10-27T09:45:36","date_gmt":"2020-10-27T14:45:36","guid":{"rendered":"http:\/\/www.lebuvard.ca\/?post_type=product&#038;p=474"},"modified":"2021-06-04T05:56:49","modified_gmt":"2021-06-04T10:56:49","slug":"le-livre-du-pont","status":"publish","type":"product","link":"https:\/\/www.lebuvard.ca\/?product=le-livre-du-pont","title":{"rendered":"Le livre du pont"},"content":{"rendered":"<p>Ce livre a \u00e9t\u00e9 r\u00e9alis\u00e9 en 2018 \u00e0 Gould (Qu\u00e9bec) dans le cadre d\u2019une performance de micro\u00e9dition in situ entre le 18 et le 19 ao\u00fbt 2018 lors du festival La Nuit du Pont Couvert.<br \/>\nPo\u00e9sie, r\u00e9cits, chansons, nouvelles et dessins : les participants ont pu produire, \u00e9diter, mettre en page, imprimer, fabriquer et lancer ce livre le 19 ao\u00fbt \u00e0 10h apr\u00e8s une longue nuit de f\u00eate et de cr\u00e9ation. Nous esp\u00e9rons que sa lecture vous ravira autant que nous avons \u00e9t\u00e9 ravis de le cr\u00e9er.<\/p>\n","protected":false},"excerpt":{"rendered":"<p><strong>Collectif\u00a0<\/strong>: Mathieu Arsenault, Robin Aubert, Mathieu Bergeron, Jacques Bertrand Jr, Julie Myre Bisaillon, G\u00e9raldine Bureau, Maxime Catellier, Caro\u00a0 Caron, Urbain Desbois, Pascal Angelo Fioramore Isabelle Gauthier, Mandalian, N\u00fcshu, Chlo\u00e9 Surprenant, Claudine Vachon, Michel V\u00e9zina et les participants \u00e0 La Nuit du Pont Couvert<\/p>\n<p>48 p. &#8211; Liffr\u00e9 (35) &#8211; Deuxi\u00e8me \u00e9dition, 2020<\/p>\n","protected":false},"featured_media":403,"template":"","meta":[],"product_brand":[],"product_cat":[82],"product_tag":[],"class_list":{"0":"post-474","1":"product","2":"type-product","3":"status-publish","4":"has-post-thumbnail","6":"product_cat-in-situ","7":"product_shipping_class-formats-moyens","9":"first","10":"outofstock","11":"purchasable","12":"product-type-simple"},"_links":{"self":[{"href":"https:\/\/www.lebuvard.ca\/index.php?rest_route=\/wp\/v2\/product\/474","targetHints":{"allow":["GET"]}}],"collection":[{"href":"https:\/\/www.lebuvard.ca\/index.php?rest_route=\/wp\/v2\/product"}],"about":[{"href":"https:\/\/www.lebuvard.ca\/index.php?rest_route=\/wp\/v2\/types\/product"}],"wp:featuredmedia":[{"embeddable":true,"href":"https:\/\/www.lebuvard.ca\/index.php?rest_route=\/wp\/v2\/media\/403"}],"wp:attachment":[{"href":"https:\/\/www.lebuvard.ca\/index.php?rest_route=%2Fwp%2Fv2%2Fmedia&parent=474"}],"wp:term":[{"taxonomy":"product_brand","embeddable":true,"href":"https:\/\/www.lebuvard.ca\/index.php?rest_route=%2Fwp%2Fv2%2Fproduct_brand&post=474"},{"taxonomy":"product_cat","embeddable":true,"href":"https:\/\/www.lebuvard.ca\/index.php?rest_route=%2Fwp%2Fv2%2Fproduct_cat&post=474"},{"taxonomy":"product_tag","embeddable":true,"href":"https:\/\/www.lebuvard.ca\/index.php?rest_route=%2Fwp%2Fv2%2Fproduct_tag&post=474"}],"curies":[{"name":"wp","href":"https:\/\/api.w.org\/{rel}","templated":true}]}}