{"id":477,"date":"2020-10-27T09:51:37","date_gmt":"2020-10-27T14:51:37","guid":{"rendered":"http:\/\/www.lebuvard.ca\/?post_type=product&#038;p=477"},"modified":"2021-06-04T05:55:21","modified_gmt":"2021-06-04T10:55:21","slug":"etre-au-monde","status":"publish","type":"product","link":"https:\/\/www.lebuvard.ca\/?product=etre-au-monde","title":{"rendered":"\u00catre au monde"},"content":{"rendered":"<p style=\"text-align: left;\">Ce livre a \u00e9t\u00e9 cr\u00e9\u00e9 lors d\u2019un atelier propos\u00e9 au Centre d\u2019Arts Ronzier de l\u2019Universit\u00e9 Polytechnique Hauts-de-France \u00e0 Valenciennes du 25 au 30 mars 2019. Des auteurs y ont \u00e9crit, des artistes y ont dessin\u00e9, ils ont r\u00eav\u00e9 et ils ont surtout laiss\u00e9 aller leur imaginaire autour du th\u00e8me : \u00catre au monde. Les contenus ont \u00e9t\u00e9 produits entre le 25 et le 27, puis imprim\u00e9s et reli\u00e9s par les participants les 28 et 29 mars. Ce livre est le t\u00e9moin privil\u00e9gi\u00e9 d\u2019une belle f\u00eate des mots et des images.<\/p>\n","protected":false},"excerpt":{"rendered":"<p class=\"has-text-align-right\" style=\"text-align: left;\"><strong data-rich-text-format-boundary=\"true\">Collectif :<\/strong>\u00a0Amandine Alonso, Arthur Cosse, Adeline Decruyenaere, Micka\u00ebl Dida, Pauline Gonzalo, M\u00e9lina Jurgawczynski-Hayder, Gwena\u00eblle Leblond, Kevin Lamarre, Lucie Maison, Agathe Milbert Cl\u00e9ment Pauvret, Agathe Pouchet, Oc\u00e9ane Raquet, Charlotte Stasiak, Sophie Trocmez, Michel V\u00e9zina<\/p>\n<p style=\"text-align: left;\">114 p. &#8211; Liffr\u00e9 (35) &#8211; Deuxi\u00e8me \u00e9dition, 2020<\/p>\n","protected":false},"featured_media":406,"template":"","meta":[],"product_brand":[],"product_cat":[82],"product_tag":[],"class_list":{"0":"post-477","1":"product","2":"type-product","3":"status-publish","4":"has-post-thumbnail","6":"product_cat-in-situ","7":"product_shipping_class-formats-moyens","9":"first","10":"outofstock","11":"purchasable","12":"product-type-simple"},"_links":{"self":[{"href":"https:\/\/www.lebuvard.ca\/index.php?rest_route=\/wp\/v2\/product\/477","targetHints":{"allow":["GET"]}}],"collection":[{"href":"https:\/\/www.lebuvard.ca\/index.php?rest_route=\/wp\/v2\/product"}],"about":[{"href":"https:\/\/www.lebuvard.ca\/index.php?rest_route=\/wp\/v2\/types\/product"}],"wp:featuredmedia":[{"embeddable":true,"href":"https:\/\/www.lebuvard.ca\/index.php?rest_route=\/wp\/v2\/media\/406"}],"wp:attachment":[{"href":"https:\/\/www.lebuvard.ca\/index.php?rest_route=%2Fwp%2Fv2%2Fmedia&parent=477"}],"wp:term":[{"taxonomy":"product_brand","embeddable":true,"href":"https:\/\/www.lebuvard.ca\/index.php?rest_route=%2Fwp%2Fv2%2Fproduct_brand&post=477"},{"taxonomy":"product_cat","embeddable":true,"href":"https:\/\/www.lebuvard.ca\/index.php?rest_route=%2Fwp%2Fv2%2Fproduct_cat&post=477"},{"taxonomy":"product_tag","embeddable":true,"href":"https:\/\/www.lebuvard.ca\/index.php?rest_route=%2Fwp%2Fv2%2Fproduct_tag&post=477"}],"curies":[{"name":"wp","href":"https:\/\/api.w.org\/{rel}","templated":true}]}}