{"id":490,"date":"2020-10-27T12:29:39","date_gmt":"2020-10-27T17:29:39","guid":{"rendered":"http:\/\/www.lebuvard.ca\/?post_type=product&#038;p=490"},"modified":"2021-09-01T16:19:29","modified_gmt":"2021-09-01T21:19:29","slug":"disparaitre","status":"publish","type":"product","link":"https:\/\/www.lebuvard.ca\/?product=disparaitre","title":{"rendered":"Dispara\u00eetre"},"content":{"rendered":"<p style=\"text-align: left;\">Ce livre a \u00e9t\u00e9 cr\u00e9\u00e9 lors d\u2019un atelier participatif de micro\u00e9dition in situ \u00e0 la fac de Rennes 2 entre le 23 et le 27 avril 2019.<br \/>\nLes pages ont \u00e9t\u00e9 imprim\u00e9es le 26 avril aux ateliers de reprographie de la fac Rennes 2 et les couvertures sur notre petite imprimante de bureau, pour ensuite \u00eatre reli\u00e9es le m\u00eame jour. Le livre a \u00e9t\u00e9 lanc\u00e9 le 27 \u00e0 19h au bar La Ruche (Rennes) \u00e0 50 exemplaires num\u00e9rot\u00e9s.<\/p>\n","protected":false},"excerpt":{"rendered":"<p class=\"has-text-align-right\" style=\"text-align: left;\"><strong>Collectif :<\/strong> Eloan David, Lucie Debrock, Pauline Gonzalo, Pauline Gu\u00e9mas, Oanez H\u00e9lary, Maria Ibragimova, Ma\u00eblla Jacquinet, Matthis Michel, N\u00e9stor Ponce, Aur\u00e9lien Rou\u00e9, Val\u00e9rie Savard, Toto, Michel V\u00e9zina.<\/p>\n<p style=\"text-align: left;\">50 p. &#8211; Liffr\u00e9 (35) &#8211; Deuxi\u00e8me \u00e9dition, 2020<\/p>\n<p class=\"has-text-align-right\" style=\"text-align: left;\">978-0201379-62-4<\/p>\n","protected":false},"featured_media":491,"template":"","meta":[],"product_brand":[],"product_cat":[82],"product_tag":[],"class_list":{"0":"post-490","1":"product","2":"type-product","3":"status-publish","4":"has-post-thumbnail","6":"product_cat-in-situ","7":"product_shipping_class-formats-moyens","9":"first","10":"instock","11":"purchasable","12":"product-type-simple"},"_links":{"self":[{"href":"https:\/\/www.lebuvard.ca\/index.php?rest_route=\/wp\/v2\/product\/490","targetHints":{"allow":["GET"]}}],"collection":[{"href":"https:\/\/www.lebuvard.ca\/index.php?rest_route=\/wp\/v2\/product"}],"about":[{"href":"https:\/\/www.lebuvard.ca\/index.php?rest_route=\/wp\/v2\/types\/product"}],"wp:featuredmedia":[{"embeddable":true,"href":"https:\/\/www.lebuvard.ca\/index.php?rest_route=\/wp\/v2\/media\/491"}],"wp:attachment":[{"href":"https:\/\/www.lebuvard.ca\/index.php?rest_route=%2Fwp%2Fv2%2Fmedia&parent=490"}],"wp:term":[{"taxonomy":"product_brand","embeddable":true,"href":"https:\/\/www.lebuvard.ca\/index.php?rest_route=%2Fwp%2Fv2%2Fproduct_brand&post=490"},{"taxonomy":"product_cat","embeddable":true,"href":"https:\/\/www.lebuvard.ca\/index.php?rest_route=%2Fwp%2Fv2%2Fproduct_cat&post=490"},{"taxonomy":"product_tag","embeddable":true,"href":"https:\/\/www.lebuvard.ca\/index.php?rest_route=%2Fwp%2Fv2%2Fproduct_tag&post=490"}],"curies":[{"name":"wp","href":"https:\/\/api.w.org\/{rel}","templated":true}]}}