{"id":492,"date":"2020-10-27T12:40:25","date_gmt":"2020-10-27T17:40:25","guid":{"rendered":"http:\/\/www.lebuvard.ca\/?post_type=product&#038;p=492"},"modified":"2021-09-02T02:15:03","modified_gmt":"2021-09-02T07:15:03","slug":"le-poudres-du-barillet","status":"publish","type":"product","link":"https:\/\/www.lebuvard.ca\/?product=le-poudres-du-barillet","title":{"rendered":"Les poudres du Barillet"},"content":{"rendered":"<p style=\"text-align: left;\">Ce livre a \u00e9t\u00e9 cr\u00e9\u00e9 lors du festival Le Barillet, organis\u00e9 par l\u2019association Chahut au Bec Rond \u00e0 Thorign\u00e9-Fouillard (35) entre le 23 et le 26 mai 2019.<br \/>\nLes pages ont \u00e9t\u00e9 imprim\u00e9es le 26 mai sur l\u2019imprimante de l\u2019association et les couvertures sur notre petite imprimante de bureau, pour ensuite \u00eatre reli\u00e9es le m\u00eame jour. Le livre a \u00e9t\u00e9 lanc\u00e9 le 26 \u00e0 20h au Barillet \u00e0 50 exemplaires num\u00e9rot\u00e9s.<\/p>\n","protected":false},"excerpt":{"rendered":"<p class=\"has-text-align-right\" style=\"text-align: left;\"><strong>Collectif :<\/strong>\u00a0Alexis, Ana\u00efs, Anna, C\u00e9cile, Charlie, Charlotte, Coco, Corinne, \u00c9douard, Pauline Gonzalo, Hugo, Isvan, Juliette, Leslie, Loona Le Moal, M\u00e9lina, Mewen, Samia A., Vanessa, Michel V\u00e9zina, Morgane, Yoann.<\/p>\n<p style=\"text-align: left;\">51 p. &#8211; Thorign\u00e9-Fouillard (35) &#8211; 2019<\/p>\n<p class=\"has-text-align-right\" style=\"text-align: left;\">978-2491113-0-32<\/p>\n","protected":false},"featured_media":824,"template":"","meta":[],"product_brand":[],"product_cat":[82],"product_tag":[],"class_list":{"0":"post-492","1":"product","2":"type-product","3":"status-publish","4":"has-post-thumbnail","6":"product_cat-in-situ","7":"product_shipping_class-formats-moyens","9":"first","10":"instock","11":"purchasable","12":"product-type-simple"},"_links":{"self":[{"href":"https:\/\/www.lebuvard.ca\/index.php?rest_route=\/wp\/v2\/product\/492","targetHints":{"allow":["GET"]}}],"collection":[{"href":"https:\/\/www.lebuvard.ca\/index.php?rest_route=\/wp\/v2\/product"}],"about":[{"href":"https:\/\/www.lebuvard.ca\/index.php?rest_route=\/wp\/v2\/types\/product"}],"wp:featuredmedia":[{"embeddable":true,"href":"https:\/\/www.lebuvard.ca\/index.php?rest_route=\/wp\/v2\/media\/824"}],"wp:attachment":[{"href":"https:\/\/www.lebuvard.ca\/index.php?rest_route=%2Fwp%2Fv2%2Fmedia&parent=492"}],"wp:term":[{"taxonomy":"product_brand","embeddable":true,"href":"https:\/\/www.lebuvard.ca\/index.php?rest_route=%2Fwp%2Fv2%2Fproduct_brand&post=492"},{"taxonomy":"product_cat","embeddable":true,"href":"https:\/\/www.lebuvard.ca\/index.php?rest_route=%2Fwp%2Fv2%2Fproduct_cat&post=492"},{"taxonomy":"product_tag","embeddable":true,"href":"https:\/\/www.lebuvard.ca\/index.php?rest_route=%2Fwp%2Fv2%2Fproduct_tag&post=492"}],"curies":[{"name":"wp","href":"https:\/\/api.w.org\/{rel}","templated":true}]}}