{"id":495,"date":"2020-10-27T12:52:03","date_gmt":"2020-10-27T17:52:03","guid":{"rendered":"http:\/\/www.lebuvard.ca\/?post_type=product&#038;p=495"},"modified":"2024-01-23T12:25:40","modified_gmt":"2024-01-23T17:25:40","slug":"maintenant","status":"publish","type":"product","link":"https:\/\/www.lebuvard.ca\/?product=maintenant","title":{"rendered":"Maintenant"},"content":{"rendered":"<p>MAINTENANT est une exp\u00e9rience de consignation du r\u00e9el. Pendant trois jours, les auteurs ont accept\u00e9 d\u2019\u00e9crire, de dessiner, de photographier \u00e0 des heures pr\u00e9cises et pr\u00e9d\u00e9termin\u00e9es : lundi \u00e0 10h32 et 14h14, mardi \u00e0 12h01, 16h17 et 20h22 et mercredi \u00e0 6h42.<br \/>\nLe r\u00e9sultat est tel que nous l\u2019imaginions : un instantan\u00e9 sur l\u2019ESAD de Valenciennes.<\/p>\n","protected":false},"excerpt":{"rendered":"<p style=\"text-align: left;\"><strong>Collectif<\/strong> : \u00c9lisa Debout, L\u00e9a Delecluse, Aude Delesalle, L\u00e9a Devenelle, M\u00e9lissa Godbille, Pauline Gonzalo, Cl\u00e9mence H\u00e9nault, Agathe Izquierdo, Marion Maison, Margot Maupetit, Lio Mourier, Victoire Sarpaux, Marie Vanrapenbusch, Michel V\u00e9zina<\/p>\n<p style=\"text-align: left;\">103 p. &#8211; Valenciennes (59) &#8211; 2019<\/p>\n<p style=\"text-align: left;\">978-2-491113-10-0<\/p>\n","protected":false},"featured_media":497,"template":"","meta":[],"product_brand":[],"product_cat":[82],"product_tag":[],"class_list":{"0":"post-495","1":"product","2":"type-product","3":"status-publish","4":"has-post-thumbnail","6":"product_cat-in-situ","7":"product_shipping_class-formats-moyens","9":"first","10":"instock","11":"purchasable","12":"product-type-simple"},"_links":{"self":[{"href":"https:\/\/www.lebuvard.ca\/index.php?rest_route=\/wp\/v2\/product\/495","targetHints":{"allow":["GET"]}}],"collection":[{"href":"https:\/\/www.lebuvard.ca\/index.php?rest_route=\/wp\/v2\/product"}],"about":[{"href":"https:\/\/www.lebuvard.ca\/index.php?rest_route=\/wp\/v2\/types\/product"}],"wp:featuredmedia":[{"embeddable":true,"href":"https:\/\/www.lebuvard.ca\/index.php?rest_route=\/wp\/v2\/media\/497"}],"wp:attachment":[{"href":"https:\/\/www.lebuvard.ca\/index.php?rest_route=%2Fwp%2Fv2%2Fmedia&parent=495"}],"wp:term":[{"taxonomy":"product_brand","embeddable":true,"href":"https:\/\/www.lebuvard.ca\/index.php?rest_route=%2Fwp%2Fv2%2Fproduct_brand&post=495"},{"taxonomy":"product_cat","embeddable":true,"href":"https:\/\/www.lebuvard.ca\/index.php?rest_route=%2Fwp%2Fv2%2Fproduct_cat&post=495"},{"taxonomy":"product_tag","embeddable":true,"href":"https:\/\/www.lebuvard.ca\/index.php?rest_route=%2Fwp%2Fv2%2Fproduct_tag&post=495"}],"curies":[{"name":"wp","href":"https:\/\/api.w.org\/{rel}","templated":true}]}}