{"id":597,"date":"2020-11-04T11:52:42","date_gmt":"2020-11-04T16:52:42","guid":{"rendered":"https:\/\/www.lebuvard.ca\/?post_type=product&#038;p=597"},"modified":"2020-11-04T11:52:42","modified_gmt":"2020-11-04T16:52:42","slug":"tous-seuls","status":"publish","type":"product","link":"https:\/\/www.lebuvard.ca\/?product=tous-seuls","title":{"rendered":"Tous seuls"},"content":{"rendered":"<p>TOUS SEULS est une exp\u00e9rience de consignation du r\u00e9el r\u00e9alis\u00e9e \u00e0 mi-chemin entre le confinement et sa fin, du 9 au l6 mai 2020. Des auteurs ont \u00e9crit \u00e0 des heures pr\u00e9cises et pr\u00e9d\u00e9termin\u00e9es pour, ensemble, tracer un instantan\u00e9 litt\u00e9raire de cette transition unique dans l\u2019histoire r\u00e9cente de l\u2019humanit\u00e9.<br \/>\nVous avez devant vous le r\u00e9sultat de cette exp\u00e9rience exceptionnelle d\u2019\u00e9dition, un livre collectif r\u00e9alis\u00e9 Tous Seuls chez soi.<\/p>\n<p>En guise de lancement de l\u2019ouvrage, une vid\u00e9o a \u00e9t\u00e9 r\u00e9alis\u00e9e, visible <a href=\"https:\/\/www.youtube.com\/watch?v=MyNzdFqBQSQ&amp;t=3s\">ici<\/a>.<\/p>\n","protected":false},"excerpt":{"rendered":"<p style=\"text-align: left;\"><a href=\"https:\/\/www.lebuvard.ca\/livres-numeriques\/tous-seuls.html?fbclid=IwAR3FrLrvx8_d6D3YeaFg4yOXkcwscskOefp-1Fr1BT2mhnn9v0S_-2PKtRY\">Livre num\u00e9rique gratuit<\/a><\/p>\n<p style=\"text-align: left;\"><strong data-rich-text-format-boundary=\"true\">Collectif :<\/strong> Gwladys Brotcorne,\u00a0 Adeline Decruyenaere, Aby Dia, Micka\u00ebl Dida, Amandine Dutilleux, Nathalie \u00c9gorine, V\u00e9ronique Hallo, Alexandre Locci, Kevin Lemarre, L\u00e9a Lobbesta\u00ebl, Tiphaine Pouillaude, Charlotte Stasiak, Caroline Soreau, Kassandra Tuba<\/p>\n<p style=\"text-align: left;\">125 p. &#8211; Liffr\u00e9 (35) &#8211; Premi\u00e8re \u00e9dition, 2020<\/p>\n<p style=\"text-align: left;\">978-2-491113-11-7<\/p>\n","protected":false},"featured_media":598,"template":"","meta":[],"product_brand":[],"product_cat":[82],"product_tag":[],"class_list":{"0":"post-597","1":"product","2":"type-product","3":"status-publish","4":"has-post-thumbnail","6":"product_cat-in-situ","8":"first","9":"instock","10":"virtual","11":"product-type-simple"},"_links":{"self":[{"href":"https:\/\/www.lebuvard.ca\/index.php?rest_route=\/wp\/v2\/product\/597","targetHints":{"allow":["GET"]}}],"collection":[{"href":"https:\/\/www.lebuvard.ca\/index.php?rest_route=\/wp\/v2\/product"}],"about":[{"href":"https:\/\/www.lebuvard.ca\/index.php?rest_route=\/wp\/v2\/types\/product"}],"wp:featuredmedia":[{"embeddable":true,"href":"https:\/\/www.lebuvard.ca\/index.php?rest_route=\/wp\/v2\/media\/598"}],"wp:attachment":[{"href":"https:\/\/www.lebuvard.ca\/index.php?rest_route=%2Fwp%2Fv2%2Fmedia&parent=597"}],"wp:term":[{"taxonomy":"product_brand","embeddable":true,"href":"https:\/\/www.lebuvard.ca\/index.php?rest_route=%2Fwp%2Fv2%2Fproduct_brand&post=597"},{"taxonomy":"product_cat","embeddable":true,"href":"https:\/\/www.lebuvard.ca\/index.php?rest_route=%2Fwp%2Fv2%2Fproduct_cat&post=597"},{"taxonomy":"product_tag","embeddable":true,"href":"https:\/\/www.lebuvard.ca\/index.php?rest_route=%2Fwp%2Fv2%2Fproduct_tag&post=597"}],"curies":[{"name":"wp","href":"https:\/\/api.w.org\/{rel}","templated":true}]}}