{"id":704,"date":"2021-04-13T02:44:14","date_gmt":"2021-04-13T07:44:14","guid":{"rendered":"https:\/\/www.lebuvard.ca\/?post_type=product&#038;p=704"},"modified":"2021-04-13T03:31:07","modified_gmt":"2021-04-13T08:31:07","slug":"girls-next-door","status":"publish","type":"product","link":"https:\/\/www.lebuvard.ca\/?product=girls-next-door","title":{"rendered":"Girls next door"},"content":{"rendered":"<p>Il en va de la voisine de palier comme de notre propre identit\u00e9 : elle n\u2019est jamais tout \u00e0 fait conforme \u00e0 l\u2019id\u00e9e que l\u2019on s\u2019en fait. Comme si nous \u00e9tions condamn\u00e9s \u00e0 vivre la r\u00e9alit\u00e9 un pas de c\u00f4t\u00e9&#8230;<\/p>\n<p>Johan GRZELCZYK est un po\u00e8te sauvage qui balance ses vers comme de furieux riffs de guitare punk. Il vit et s\u00e9vit \u00e0 Valenciennes.<\/p>\n","protected":false},"excerpt":{"rendered":"<p><strong>Johan Grzelczyk<\/strong><\/p>\n<p>62 p. &#8211; Liffr\u00e9 &#8211; Premi\u00e8re \u00e9dition, 2021<\/p>\n<p>978-2-491113-21-6<\/p>\n","protected":false},"featured_media":705,"template":"","meta":[],"product_brand":[],"product_cat":[84],"product_tag":[],"class_list":{"0":"post-704","1":"product","2":"type-product","3":"status-publish","4":"has-post-thumbnail","6":"product_cat-second-souffle","7":"product_shipping_class-petits-formats","9":"first","10":"instock","11":"shipping-taxable","12":"purchasable","13":"product-type-simple"},"_links":{"self":[{"href":"https:\/\/www.lebuvard.ca\/index.php?rest_route=\/wp\/v2\/product\/704","targetHints":{"allow":["GET"]}}],"collection":[{"href":"https:\/\/www.lebuvard.ca\/index.php?rest_route=\/wp\/v2\/product"}],"about":[{"href":"https:\/\/www.lebuvard.ca\/index.php?rest_route=\/wp\/v2\/types\/product"}],"wp:featuredmedia":[{"embeddable":true,"href":"https:\/\/www.lebuvard.ca\/index.php?rest_route=\/wp\/v2\/media\/705"}],"wp:attachment":[{"href":"https:\/\/www.lebuvard.ca\/index.php?rest_route=%2Fwp%2Fv2%2Fmedia&parent=704"}],"wp:term":[{"taxonomy":"product_brand","embeddable":true,"href":"https:\/\/www.lebuvard.ca\/index.php?rest_route=%2Fwp%2Fv2%2Fproduct_brand&post=704"},{"taxonomy":"product_cat","embeddable":true,"href":"https:\/\/www.lebuvard.ca\/index.php?rest_route=%2Fwp%2Fv2%2Fproduct_cat&post=704"},{"taxonomy":"product_tag","embeddable":true,"href":"https:\/\/www.lebuvard.ca\/index.php?rest_route=%2Fwp%2Fv2%2Fproduct_tag&post=704"}],"curies":[{"name":"wp","href":"https:\/\/api.w.org\/{rel}","templated":true}]}}